{"id":7222,"date":"2022-03-09T21:26:47","date_gmt":"2022-03-09T20:26:47","guid":{"rendered":"https:\/\/villaggioformicoli.it\/politique-de-confidentialite\/"},"modified":"2025-03-17T21:24:15","modified_gmt":"2025-03-17T20:24:15","slug":"politique-de-confidentialite","status":"publish","type":"page","link":"https:\/\/villaggioformicoli.it\/fr\/politique-de-confidentialite\/","title":{"rendered":"Politique de confidentialit\u00e9"},"content":{"rendered":"\t\t<div data-elementor-type=\"wp-page\" data-elementor-id=\"7222\" class=\"elementor elementor-7222 elementor-3\">\n\t\t\t\t\t\t<div class=\"elementor-inner\">\n\t\t\t\t<div class=\"elementor-section-wrap\">\n\t\t\t\t\t\t\t\t\t<section class=\"elementor-section elementor-top-section elementor-element elementor-element-60768345 elementor-section-boxed elementor-section-height-default elementor-section-height-default wpr-particle-no wpr-jarallax-no wpr-parallax-no wpr-sticky-section-no\" data-id=\"60768345\" data-element_type=\"section\">\n\t\t\t\t\t\t<div class=\"elementor-container elementor-column-gap-default\">\n\t\t\t\t\t\t\t<div class=\"elementor-row\">\n\t\t\t\t\t<div class=\"elementor-column elementor-col-100 elementor-top-column elementor-element elementor-element-4931b24d\" data-id=\"4931b24d\" data-element_type=\"column\">\n\t\t\t<div class=\"elementor-column-wrap elementor-element-populated\">\n\t\t\t\t\t\t\t<div class=\"elementor-widget-wrap\">\n\t\t\t\t\t\t<div class=\"elementor-element elementor-element-5b9f2100 elementor-widget elementor-widget-text-editor\" data-id=\"5b9f2100\" data-element_type=\"widget\" data-widget_type=\"text-editor.default\">\n\t\t\t\t<div class=\"elementor-widget-container\">\n\t\t\t        <div class=\"elementor-text-editor elementor-clearfix\"><div>\n<h4>Informations sur la politique en mati\u00e8re de cookies<\/h4>\n<div>Sur cette page, sont d\u00e9crites les modalit\u00e9s de gestion du site en ce qui concerne le traitement des donn\u00e9es personnelles des utilisateurs qui le consultent. Il s&rsquo;agit d&rsquo;une information fournie conform\u00e9ment aux articles 13-14 du r\u00e8glement UE 2016\/679 \u00e0 ceux qui interagissent avec les services web du site www.villaggioformicoli.it.<\/br>L&rsquo;information est fournie uniquement pour le site www.villaggioformicoli.it et non pour d&rsquo;autres sites web que l&rsquo;utilisateur pourrait consulter via des liens. <\/div>\n<h4>Le Responsable du traitement<\/h4>\n<div>\u00c0 la suite de la consultation de ce site, des donn\u00e9es relatives \u00e0 des personnes identifi\u00e9es ou identifiables peuvent \u00eatre trait\u00e9es. Le responsable du traitement est: &lsquo;Formicoli S.r.L.&rsquo;, e-mail: amm.formicoli@libero.it <\/div>\n<h4>Lieu du traitement des donn\u00e9es<\/h4>\n<div>Les traitements li\u00e9s aux services web de ce site ont lieu sur les serveurs de la soci\u00e9t\u00e9 &lsquo;Formicoli S.r.L.&rsquo; et sont effectu\u00e9s uniquement par le personnel technique de cette soci\u00e9t\u00e9. Aucune donn\u00e9e provenant du service web n&rsquo;est communiqu\u00e9e ou diffus\u00e9e. <\/div>\n<h4>Donn\u00e9es de navigation<\/h4>\n<div>Les syst\u00e8mes informatiques et les proc\u00e9dures logici destin\u00e9s au fonctionnement de ce site web acqui\u00e8rent, dans le cadre de leur fonctionnement normal, certaines donn\u00e9es personnelles dont la transmission est implicite dans l&rsquo;utilisation des protocoles de communication d&rsquo;Internet. Il s&rsquo;agit d&rsquo;informations qui ne sont pas collect\u00e9es pour \u00eatre associ\u00e9es \u00e0 des personnes identifi\u00e9es, mais qui, par leur nature m\u00eame, pourraient, par traitement et association avec des donn\u00e9es d\u00e9tenues par des tiers, permettre d&rsquo;identifier les utilisateurs. \nCette cat\u00e9gorie de donn\u00e9es comprend les adresses IP ou les noms de domaine des ordinateurs utilis\u00e9s par les utilisateurs qui se connectent au site, les adresses en notation URI (Uniform Resource Identifier) des ressources demand\u00e9es, l&rsquo;heure de la demande, la m\u00e9thode utilis\u00e9e pour soumettre la demande au serveur, la taille du fichier obtenu en r\u00e9ponse, le code num\u00e9rique indiquant l&rsquo;\u00e9tat de la r\u00e9ponse donn\u00e9e par le serveur (succ\u00e8s, erreur, etc.) et d&rsquo;autres param\u00e8tres relatifs au syst\u00e8me d&rsquo;exploitation et \u00e0 l&rsquo;environnement informatique de l&rsquo;utilisateur. Ces donn\u00e9es sont utilis\u00e9es uniquement dans le but d&rsquo;obtenir des informations statistiques anonymes sur l&rsquo;utilisation du site et de v\u00e9rifier son bon fonctionnement, et sont supprim\u00e9es imm\u00e9diatement apr\u00e8s traitement. Les donn\u00e9es pourraient \u00eatre utilis\u00e9es pour d\u00e9terminer les responsabilit\u00e9s en cas de crimes informatiques hypoth\u00e9tiques \u00e0 l&rsquo;encontre du siteCette cat\u00e9gorie de donn\u00e9es comprend les adresses IP ou les noms de domaine des ordinateurs utilis\u00e9s par les utilisateurs qui se connectent au site, les adresses en notation URI (Uniform Resource Identifier) des ressources demand\u00e9es, l&rsquo;heure de la demande, la m\u00e9thode utilis\u00e9e pour soumettre la demande au serveur, la taille du fichier obtenu en r\u00e9ponse, le code num\u00e9rique indiquant l&rsquo;\u00e9tat de la r\u00e9ponse donn\u00e9e par le serveur (succ\u00e8s, erreur, etc.) et d&rsquo;autres param\u00e8tres relatifs au syst\u00e8me d&rsquo;exploitation et \u00e0 l&rsquo;environnement informatique de l&rsquo;utilisateur. Ces donn\u00e9es sont utilis\u00e9es uniquement dans le but d&rsquo;obtenir des informations statistiques anonymes sur l&rsquo;utilisation du site et de v\u00e9rifier son bon fonctionnement, et sont supprim\u00e9es imm\u00e9diatement apr\u00e8s traitement. Les donn\u00e9es pourraient \u00eatre utilis\u00e9es pour d\u00e9terminer les responsabilit\u00e9s en cas de crimes informatiques hypoth\u00e9tiques \u00e0 l&rsquo;encontre du site  <\/div>\n<h4>Donn\u00e9es fournies volontairement par l&rsquo;utilisateur<\/h4>\n<div>L&rsquo;envoi facultatif, explicite et volontaire de courriers \u00e9lectroniques aux adresses indiqu\u00e9es sur ce site entra\u00eene l&rsquo;acquisition subs\u00e9quente de l&rsquo;adresse de l&rsquo;exp\u00e9diteur, n\u00e9cessaire pour r\u00e9pondre aux demandes, ainsi que d&rsquo;autres donn\u00e9es personnelles \u00e9ventuelles ins\u00e9r\u00e9es dans le message. Des informations sp\u00e9cifiques r\u00e9sum\u00e9es seront progressivement affich\u00e9es ou visualis\u00e9es sur les pages du site destin\u00e9es \u00e0 des services particuliers sur demande. <\/div>\n<h4>Cookies<\/h4>\n<div>Pour la politique d&rsquo;utilisation des cookies, veuillez consulter la politique de cookies.<\/div>\n<h4>Modalit\u00e9s du traitement<\/h4>\n<div>Les donn\u00e9es personnelles sont trait\u00e9es \u00e0 l&rsquo;aide d&rsquo;outils informatiques pour le temps strictement n\u00e9cessaire \u00e0 atteindre les objectifs pour lesquels elles ont \u00e9t\u00e9 collect\u00e9es. Des mesures de s\u00e9curit\u00e9 sp\u00e9cifiques sont prises pour pr\u00e9venir la perte des donn\u00e9es, les utilisations ill\u00e9gales ou incorrectes et les acc\u00e8s non autoris\u00e9s. <\/div>\n<h4>Droits des personnes concern\u00e9es<\/h4>\n<div>\u00c0 tout moment, vous pourrez exercer vos droits aupr\u00e8s du Responsable du traitement, pr\u00e9vus par les articles 15-22 du R\u00e8glement. En particulier, \u00e0 tout moment, vous aurez le droit de demander: <\/div>\n<ul>\n \t<li>acc\u00e8s \u00e0 vos donn\u00e9es personnelles;<\/li>\n \t<li>leur rectification en cas d&rsquo;inexactitude;<\/li>\n \t<li>annulation;<\/li>\n \t<li>la limitation de leur traitement.<\/li>\n<\/ul>\nVous aurez \u00e9galement le droit:\n<ul>\n \t<li>de vous opposer \u00e0 leur traitement s&rsquo;ils sont trait\u00e9s dans le but de poursuivre un int\u00e9r\u00eat l\u00e9gitime du Responsable du traitement, si vous estimez que vos droits et libert\u00e9s fondamentaux sont viol\u00e9s;<\/li>\n \t<li>de r\u00e9voquer votre consentement \u00e0 tout moment en ce qui concerne les finalit\u00e9s pour lesquelles cela est n\u00e9cessaire;<\/li>\n \t<li>\u00e0 la portabilit\u00e9 de vos donn\u00e9es, c&rsquo;est-\u00e0-dire le droit de demander et de recevoir dans un format structur\u00e9, couramment utilis\u00e9 et lisible par un dispositif automatique, les donn\u00e9es personnelles vous concernant.<\/li>\n<\/ul>\n<div>Les demandes doivent \u00eatre envoy\u00e9es \u00e0 l&rsquo;adresse e-mail suivante: amm.formicoli@libero.it<\/div>\n<\/div><\/div>\n        \t\t<\/div>\n\t\t\t\t<\/div>\n\t\t\t\t\t\t<\/div>\n\t\t\t\t\t<\/div>\n\t\t<\/div>\n\t\t\t\t\t\t\t\t<\/div>\n\t\t\t\t\t<\/div>\n\t\t<\/section>\n\t\t\t\t\t\t\t\t\t<\/div>\n\t\t\t<\/div>\n\t\t\t\t\t<\/div>\n\t\t","protected":false},"excerpt":{"rendered":"<p>Informations sur la politique en mati\u00e8re de cookies Sur cette page, sont d\u00e9crites les modalit\u00e9s de gestion du site en ce qui concerne le traitement des donn\u00e9es personnelles des utilisateurs qui le consultent. Il s&rsquo;agit d&rsquo;une information fournie conform\u00e9ment aux articles 13-14 du r\u00e8glement UE 2016\/679 \u00e0 ceux qui interagissent avec les services web du site www.villaggioformicoli.it.L&rsquo;information est fournie uniquement pour le site www.villaggioformicoli.it et non pour d&rsquo;autres sites web que l&rsquo;utilisateur pourrait consulter via des liens. Le Responsable du traitement \u00c0 la suite de la consultation de ce site, des donn\u00e9es relatives \u00e0 des personnes identifi\u00e9es ou identifiables peuvent \u00eatre trait\u00e9es. Le responsable du traitement est: &lsquo;Formicoli S.r.L.&rsquo;, e-mail: amm.formicoli@libero.it Lieu du traitement des donn\u00e9es Les traitements li\u00e9s aux services web de ce site ont lieu sur les serveurs de la soci\u00e9t\u00e9 &lsquo;Formicoli S.r.L.&rsquo; et sont effectu\u00e9s uniquement par le personnel technique de cette soci\u00e9t\u00e9. Aucune donn\u00e9e provenant du service web n&rsquo;est communiqu\u00e9e ou diffus\u00e9e. Donn\u00e9es de navigation Les syst\u00e8mes informatiques et les proc\u00e9dures logici destin\u00e9s au fonctionnement de ce site web acqui\u00e8rent, dans le cadre de leur fonctionnement normal, certaines donn\u00e9es personnelles dont la transmission est implicite dans l&rsquo;utilisation des protocoles de communication d&rsquo;Internet. Il s&rsquo;agit d&rsquo;informations qui ne sont pas collect\u00e9es pour \u00eatre associ\u00e9es \u00e0 des personnes identifi\u00e9es, mais qui, par leur nature m\u00eame, pourraient, par traitement et association avec des donn\u00e9es d\u00e9tenues par des tiers, permettre d&rsquo;identifier les utilisateurs. Cette cat\u00e9gorie de donn\u00e9es comprend les adresses IP ou les noms de domaine des ordinateurs utilis\u00e9s par les utilisateurs qui se connectent au site, les adresses en notation URI (Uniform Resource Identifier) des ressources demand\u00e9es, l&rsquo;heure de la demande, la m\u00e9thode utilis\u00e9e pour soumettre la demande au serveur, la taille du fichier obtenu en r\u00e9ponse, le code num\u00e9rique indiquant l&rsquo;\u00e9tat de la r\u00e9ponse donn\u00e9e par le serveur (succ\u00e8s, erreur, etc.) et d&rsquo;autres param\u00e8tres relatifs au syst\u00e8me d&rsquo;exploitation et \u00e0 l&rsquo;environnement informatique de l&rsquo;utilisateur. Ces donn\u00e9es sont utilis\u00e9es uniquement dans le but d&rsquo;obtenir des informations statistiques anonymes sur l&rsquo;utilisation du site et de v\u00e9rifier son bon fonctionnement, et sont supprim\u00e9es imm\u00e9diatement apr\u00e8s traitement. Les donn\u00e9es pourraient \u00eatre utilis\u00e9es pour d\u00e9terminer les responsabilit\u00e9s en cas de crimes informatiques hypoth\u00e9tiques \u00e0 l&rsquo;encontre du siteCette cat\u00e9gorie de donn\u00e9es comprend les adresses IP ou les noms de domaine des ordinateurs utilis\u00e9s par les utilisateurs qui se connectent au site, les adresses en notation URI (Uniform Resource Identifier) des ressources demand\u00e9es, l&rsquo;heure de la demande, la m\u00e9thode utilis\u00e9e pour soumettre la demande au serveur, la taille du fichier obtenu en r\u00e9ponse, le code num\u00e9rique indiquant l&rsquo;\u00e9tat de la r\u00e9ponse donn\u00e9e par le serveur (succ\u00e8s, erreur, etc.) et d&rsquo;autres param\u00e8tres relatifs au syst\u00e8me d&rsquo;exploitation et \u00e0 l&rsquo;environnement informatique de l&rsquo;utilisateur. Ces donn\u00e9es sont utilis\u00e9es uniquement dans le but d&rsquo;obtenir des informations statistiques anonymes sur l&rsquo;utilisation du site et de v\u00e9rifier son bon fonctionnement, et sont supprim\u00e9es imm\u00e9diatement apr\u00e8s traitement. Les donn\u00e9es pourraient \u00eatre utilis\u00e9es pour d\u00e9terminer les responsabilit\u00e9s en cas de crimes informatiques hypoth\u00e9tiques \u00e0 l&rsquo;encontre du site Donn\u00e9es fournies volontairement par l&rsquo;utilisateur L&rsquo;envoi facultatif, explicite et volontaire de courriers \u00e9lectroniques aux adresses indiqu\u00e9es sur ce site entra\u00eene l&rsquo;acquisition subs\u00e9quente de l&rsquo;adresse de l&rsquo;exp\u00e9diteur, n\u00e9cessaire pour r\u00e9pondre aux demandes, ainsi que d&rsquo;autres donn\u00e9es personnelles \u00e9ventuelles ins\u00e9r\u00e9es dans le message. Des informations sp\u00e9cifiques r\u00e9sum\u00e9es seront progressivement affich\u00e9es ou visualis\u00e9es sur les pages du site destin\u00e9es \u00e0 des services particuliers sur demande. Cookies Pour la politique d&rsquo;utilisation des cookies, veuillez consulter la politique de cookies. Modalit\u00e9s du traitement Les donn\u00e9es personnelles sont trait\u00e9es \u00e0 l&rsquo;aide d&rsquo;outils informatiques pour le temps strictement n\u00e9cessaire \u00e0 atteindre les objectifs pour lesquels elles ont \u00e9t\u00e9 collect\u00e9es. Des mesures de s\u00e9curit\u00e9 sp\u00e9cifiques sont prises pour pr\u00e9venir la perte des donn\u00e9es, les utilisations ill\u00e9gales ou incorrectes et les acc\u00e8s non autoris\u00e9s. Droits des personnes concern\u00e9es \u00c0 tout moment, vous pourrez exercer vos droits aupr\u00e8s du Responsable du traitement, pr\u00e9vus par les articles 15-22 du R\u00e8glement. En particulier, \u00e0 tout moment, vous aurez le droit de demander: acc\u00e8s \u00e0 vos donn\u00e9es personnelles; leur rectification en cas d&rsquo;inexactitude; annulation; la limitation de leur traitement. Vous aurez \u00e9galement le droit: de vous opposer \u00e0 leur traitement s&rsquo;ils sont trait\u00e9s dans le but de poursuivre un int\u00e9r\u00eat l\u00e9gitime du Responsable du traitement, si vous estimez que vos droits et libert\u00e9s fondamentaux sont viol\u00e9s; de r\u00e9voquer votre consentement \u00e0 tout moment en ce qui concerne les finalit\u00e9s pour lesquelles cela est n\u00e9cessaire; \u00e0 la portabilit\u00e9 de vos donn\u00e9es, c&rsquo;est-\u00e0-dire le droit de demander et de recevoir dans un format structur\u00e9, couramment utilis\u00e9 et lisible par un dispositif automatique, les donn\u00e9es personnelles vous concernant. Les demandes doivent \u00eatre envoy\u00e9es \u00e0 l&rsquo;adresse e-mail suivante: amm.formicoli@libero.it<\/p>\n","protected":false},"author":1,"featured_media":0,"parent":0,"menu_order":0,"comment_status":"closed","ping_status":"open","template":"","meta":{"inline_featured_image":false},"yoast_head":"<!-- This site is optimized with the Yoast SEO plugin v20.0 - https:\/\/yoast.com\/wordpress\/plugins\/seo\/ -->\n<title>Politique de confidentialit\u00e9 - Villaggio Formicoli<\/title>\n<meta name=\"description\" content=\"Nous vous informons qu&#039;en vertu du d\u00e9cret l\u00e9gislatif du 30 juin 2003, n\u00b0196 \u2013 Code de la protection des donn\u00e9es personnelles, le Village Formicoli est le responsable du traitement des donn\u00e9es personnelles que vous nous fournissez.\" \/>\n<meta name=\"robots\" content=\"index, follow, max-snippet:-1, max-image-preview:large, max-video-preview:-1\" \/>\n<link rel=\"canonical\" href=\"https:\/\/villaggioformicoli.it\/fr\/politique-de-confidentialite\/\" \/>\n<meta property=\"og:locale\" content=\"fr_FR\" \/>\n<meta property=\"og:type\" content=\"article\" \/>\n<meta property=\"og:title\" content=\"Politique de confidentialit\u00e9 - Villaggio Formicoli\" \/>\n<meta property=\"og:description\" content=\"Nous vous informons qu&#039;en vertu du d\u00e9cret l\u00e9gislatif du 30 juin 2003, n\u00b0196 \u2013 Code de la protection des donn\u00e9es personnelles, le Village Formicoli est le responsable du traitement des donn\u00e9es personnelles que vous nous fournissez.\" \/>\n<meta property=\"og:url\" content=\"https:\/\/villaggioformicoli.it\/fr\/politique-de-confidentialite\/\" \/>\n<meta property=\"og:site_name\" content=\"Villaggio Formicoli\" \/>\n<meta property=\"article:modified_time\" content=\"2025-03-17T20:24:15+00:00\" \/>\n<meta name=\"twitter:card\" content=\"summary_large_image\" \/>\n<meta name=\"twitter:label1\" content=\"Dur\u00e9e de lecture estim\u00e9e\" \/>\n\t<meta name=\"twitter:data1\" content=\"4 minutes\" \/>\n<script type=\"application\/ld+json\" class=\"yoast-schema-graph\">{\"@context\":\"https:\/\/schema.org\",\"@graph\":[{\"@type\":\"WebPage\",\"@id\":\"https:\/\/villaggioformicoli.it\/fr\/politique-de-confidentialite\/\",\"url\":\"https:\/\/villaggioformicoli.it\/fr\/politique-de-confidentialite\/\",\"name\":\"Politique de confidentialit\u00e9 - Villaggio Formicoli\",\"isPartOf\":{\"@id\":\"https:\/\/villaggioformicoli.it\/fr\/#website\"},\"datePublished\":\"2022-03-09T20:26:47+00:00\",\"dateModified\":\"2025-03-17T20:24:15+00:00\",\"description\":\"Nous vous informons qu'en vertu du d\u00e9cret l\u00e9gislatif du 30 juin 2003, n\u00b0196 \u2013 Code de la protection des donn\u00e9es personnelles, le Village Formicoli est le responsable du traitement des donn\u00e9es personnelles que vous nous fournissez.\",\"breadcrumb\":{\"@id\":\"https:\/\/villaggioformicoli.it\/fr\/politique-de-confidentialite\/#breadcrumb\"},\"inLanguage\":\"fr-FR\",\"potentialAction\":[{\"@type\":\"ReadAction\",\"target\":[\"https:\/\/villaggioformicoli.it\/fr\/politique-de-confidentialite\/\"]}]},{\"@type\":\"BreadcrumbList\",\"@id\":\"https:\/\/villaggioformicoli.it\/fr\/politique-de-confidentialite\/#breadcrumb\",\"itemListElement\":[{\"@type\":\"ListItem\",\"position\":1,\"name\":\"Home\",\"item\":\"https:\/\/villaggioformicoli.it\/fr\/\"},{\"@type\":\"ListItem\",\"position\":2,\"name\":\"Politique de confidentialit\u00e9\"}]},{\"@type\":\"WebSite\",\"@id\":\"https:\/\/villaggioformicoli.it\/fr\/#website\",\"url\":\"https:\/\/villaggioformicoli.it\/fr\/\",\"name\":\"Villaggio Formicoli\",\"description\":\"Incanto e natura\",\"publisher\":{\"@id\":\"https:\/\/villaggioformicoli.it\/fr\/#organization\"},\"potentialAction\":[{\"@type\":\"SearchAction\",\"target\":{\"@type\":\"EntryPoint\",\"urlTemplate\":\"https:\/\/villaggioformicoli.it\/fr\/?s={search_term_string}\"},\"query-input\":\"required name=search_term_string\"}],\"inLanguage\":\"fr-FR\"},{\"@type\":\"Organization\",\"@id\":\"https:\/\/villaggioformicoli.it\/fr\/#organization\",\"name\":\"Villaggio Formicoli\",\"url\":\"https:\/\/villaggioformicoli.it\/fr\/\",\"logo\":{\"@type\":\"ImageObject\",\"inLanguage\":\"fr-FR\",\"@id\":\"https:\/\/villaggioformicoli.it\/fr\/#\/schema\/logo\/image\/\",\"url\":\"https:\/\/villaggioformicoli.it\/wp-content\/uploads\/2022\/03\/logo.png\",\"contentUrl\":\"https:\/\/villaggioformicoli.it\/wp-content\/uploads\/2022\/03\/logo.png\",\"width\":300,\"height\":149,\"caption\":\"Villaggio Formicoli\"},\"image\":{\"@id\":\"https:\/\/villaggioformicoli.it\/fr\/#\/schema\/logo\/image\/\"}}]}<\/script>\n<!-- \/ Yoast SEO plugin. -->","yoast_head_json":{"title":"Politique de confidentialit\u00e9 - Villaggio Formicoli","description":"Nous vous informons qu'en vertu du d\u00e9cret l\u00e9gislatif du 30 juin 2003, n\u00b0196 \u2013 Code de la protection des donn\u00e9es personnelles, le Village Formicoli est le responsable du traitement des donn\u00e9es personnelles que vous nous fournissez.","robots":{"index":"index","follow":"follow","max-snippet":"max-snippet:-1","max-image-preview":"max-image-preview:large","max-video-preview":"max-video-preview:-1"},"canonical":"https:\/\/villaggioformicoli.it\/fr\/politique-de-confidentialite\/","og_locale":"fr_FR","og_type":"article","og_title":"Politique de confidentialit\u00e9 - Villaggio Formicoli","og_description":"Nous vous informons qu'en vertu du d\u00e9cret l\u00e9gislatif du 30 juin 2003, n\u00b0196 \u2013 Code de la protection des donn\u00e9es personnelles, le Village Formicoli est le responsable du traitement des donn\u00e9es personnelles que vous nous fournissez.","og_url":"https:\/\/villaggioformicoli.it\/fr\/politique-de-confidentialite\/","og_site_name":"Villaggio Formicoli","article_modified_time":"2025-03-17T20:24:15+00:00","twitter_card":"summary_large_image","twitter_misc":{"Dur\u00e9e de lecture estim\u00e9e":"4 minutes"},"schema":{"@context":"https:\/\/schema.org","@graph":[{"@type":"WebPage","@id":"https:\/\/villaggioformicoli.it\/fr\/politique-de-confidentialite\/","url":"https:\/\/villaggioformicoli.it\/fr\/politique-de-confidentialite\/","name":"Politique de confidentialit\u00e9 - Villaggio Formicoli","isPartOf":{"@id":"https:\/\/villaggioformicoli.it\/fr\/#website"},"datePublished":"2022-03-09T20:26:47+00:00","dateModified":"2025-03-17T20:24:15+00:00","description":"Nous vous informons qu'en vertu du d\u00e9cret l\u00e9gislatif du 30 juin 2003, n\u00b0196 \u2013 Code de la protection des donn\u00e9es personnelles, le Village Formicoli est le responsable du traitement des donn\u00e9es personnelles que vous nous fournissez.","breadcrumb":{"@id":"https:\/\/villaggioformicoli.it\/fr\/politique-de-confidentialite\/#breadcrumb"},"inLanguage":"fr-FR","potentialAction":[{"@type":"ReadAction","target":["https:\/\/villaggioformicoli.it\/fr\/politique-de-confidentialite\/"]}]},{"@type":"BreadcrumbList","@id":"https:\/\/villaggioformicoli.it\/fr\/politique-de-confidentialite\/#breadcrumb","itemListElement":[{"@type":"ListItem","position":1,"name":"Home","item":"https:\/\/villaggioformicoli.it\/fr\/"},{"@type":"ListItem","position":2,"name":"Politique de confidentialit\u00e9"}]},{"@type":"WebSite","@id":"https:\/\/villaggioformicoli.it\/fr\/#website","url":"https:\/\/villaggioformicoli.it\/fr\/","name":"Villaggio Formicoli","description":"Incanto e natura","publisher":{"@id":"https:\/\/villaggioformicoli.it\/fr\/#organization"},"potentialAction":[{"@type":"SearchAction","target":{"@type":"EntryPoint","urlTemplate":"https:\/\/villaggioformicoli.it\/fr\/?s={search_term_string}"},"query-input":"required name=search_term_string"}],"inLanguage":"fr-FR"},{"@type":"Organization","@id":"https:\/\/villaggioformicoli.it\/fr\/#organization","name":"Villaggio Formicoli","url":"https:\/\/villaggioformicoli.it\/fr\/","logo":{"@type":"ImageObject","inLanguage":"fr-FR","@id":"https:\/\/villaggioformicoli.it\/fr\/#\/schema\/logo\/image\/","url":"https:\/\/villaggioformicoli.it\/wp-content\/uploads\/2022\/03\/logo.png","contentUrl":"https:\/\/villaggioformicoli.it\/wp-content\/uploads\/2022\/03\/logo.png","width":300,"height":149,"caption":"Villaggio Formicoli"},"image":{"@id":"https:\/\/villaggioformicoli.it\/fr\/#\/schema\/logo\/image\/"}}]}},"_links":{"self":[{"href":"https:\/\/villaggioformicoli.it\/fr\/wp-json\/wp\/v2\/pages\/7222"}],"collection":[{"href":"https:\/\/villaggioformicoli.it\/fr\/wp-json\/wp\/v2\/pages"}],"about":[{"href":"https:\/\/villaggioformicoli.it\/fr\/wp-json\/wp\/v2\/types\/page"}],"author":[{"embeddable":true,"href":"https:\/\/villaggioformicoli.it\/fr\/wp-json\/wp\/v2\/users\/1"}],"replies":[{"embeddable":true,"href":"https:\/\/villaggioformicoli.it\/fr\/wp-json\/wp\/v2\/comments?post=7222"}],"version-history":[{"count":1,"href":"https:\/\/villaggioformicoli.it\/fr\/wp-json\/wp\/v2\/pages\/7222\/revisions"}],"predecessor-version":[{"id":7223,"href":"https:\/\/villaggioformicoli.it\/fr\/wp-json\/wp\/v2\/pages\/7222\/revisions\/7223"}],"wp:attachment":[{"href":"https:\/\/villaggioformicoli.it\/fr\/wp-json\/wp\/v2\/media?parent=7222"}],"curies":[{"name":"wp","href":"https:\/\/api.w.org\/{rel}","templated":true}]}}