{"id":7299,"date":"2022-05-10T15:04:00","date_gmt":"2022-05-10T13:04:00","guid":{"rendered":"https:\/\/villaggioformicoli.it\/angebote-fuer-juni-juli\/"},"modified":"2025-03-18T19:21:43","modified_gmt":"2025-03-18T18:21:43","slug":"angebote-fuer-juni-juli","status":"publish","type":"page","link":"https:\/\/villaggioformicoli.it\/de\/angebote-fuer-juni-juli\/","title":{"rendered":"ANGEBOTE F\u00dcR JUNI &amp; JULI"},"content":{"rendered":"\t\t<div data-elementor-type=\"wp-page\" data-elementor-id=\"7299\" class=\"elementor elementor-7299 elementor-4033\">\n\t\t\t\t\t\t<div class=\"elementor-inner\">\n\t\t\t\t<div class=\"elementor-section-wrap\">\n\t\t\t\t\t\t\t\t\t<div class=\"elementor-section elementor-top-section elementor-element elementor-element-aab1da1 elementor-section-stretched elementor-section-boxed elementor-section-height-default elementor-section-height-default wpr-particle-no wpr-jarallax-no wpr-parallax-no wpr-sticky-section-no\" data-id=\"aab1da1\" data-element_type=\"section\" data-settings=\"{&quot;stretch_section&quot;:&quot;section-stretched&quot;}\">\n\t\t\t\t\t\t<div class=\"elementor-container elementor-column-gap-no\">\n\t\t\t\t\t\t\t<div class=\"elementor-row\">\n\t\t\t\t\t<div class=\"elementor-column elementor-col-100 elementor-top-column elementor-element elementor-element-75c0238\" data-id=\"75c0238\" data-element_type=\"column\" data-settings=\"{&quot;background_background&quot;:&quot;classic&quot;}\">\n\t\t\t<div class=\"elementor-column-wrap elementor-element-populated\">\n\t\t\t\t\t\t\t<div class=\"elementor-widget-wrap\">\n\t\t\t\t\t\t<div class=\"elementor-element elementor-element-8c2bdca elementor-align-center animated-fast elementor-invisible elementor-widget elementor-widget-heading\" data-id=\"8c2bdca\" data-element_type=\"widget\" data-settings=\"{&quot;_animation&quot;:&quot;opal-move-up&quot;}\" data-widget_type=\"heading.default\">\n\t\t\t\t<div class=\"elementor-widget-container\">\n\t\t\t<h2 class=\"elementor-heading-title elementor-size-default\">Angebote f\u00fcr Juni und Juli<\/h2>\t\t<\/div>\n\t\t\t\t<\/div>\n\t\t\t\t\t\t<\/div>\n\t\t\t\t\t<\/div>\n\t\t<\/div>\n\t\t\t\t\t\t\t\t<\/div>\n\t\t\t\t\t<\/div>\n\t\t<\/div>\n\t\t\t\t<section class=\"elementor-section elementor-top-section elementor-element elementor-element-ed87cef elementor-section-full_width elementor-section-height-default elementor-section-height-default wpr-particle-no wpr-jarallax-no wpr-parallax-no wpr-sticky-section-no\" data-id=\"ed87cef\" data-element_type=\"section\">\n\t\t\t\t\t\t<div class=\"elementor-container elementor-column-gap-default\">\n\t\t\t\t\t\t\t<div class=\"elementor-row\">\n\t\t\t\t\t<div class=\"elementor-column elementor-col-100 elementor-top-column elementor-element elementor-element-9a258d4\" data-id=\"9a258d4\" data-element_type=\"column\">\n\t\t\t<div class=\"elementor-column-wrap elementor-element-populated\">\n\t\t\t\t\t\t\t<div class=\"elementor-widget-wrap\">\n\t\t\t\t\t\t<div class=\"elementor-element elementor-element-31cc177 elementor-widget elementor-widget-heading\" data-id=\"31cc177\" data-element_type=\"widget\" data-widget_type=\"heading.default\">\n\t\t\t\t<div class=\"elementor-widget-container\">\n\t\t\t<span class=\"elementor-heading-title elementor-size-default\">Wischen Sie nach rechts, um alle verf\u00fcgbaren Optionen anzuzeigen<\/span>\t\t<\/div>\n\t\t\t\t<\/div>\n\t\t\t\t<div class=\"elementor-element elementor-element-f6c6250 animated-slow elementor-widget__width-inherit elementor-arrows-position-inside elementor-pagination-position-outside elementor-invisible elementor-widget elementor-widget-image-carousel\" data-id=\"f6c6250\" data-element_type=\"widget\" data-settings=\"{&quot;slides_to_show&quot;:&quot;1&quot;,&quot;autoplay_speed&quot;:7000,&quot;effect&quot;:&quot;fade&quot;,&quot;speed&quot;:1000,&quot;_animation&quot;:&quot;rubberBand&quot;,&quot;navigation&quot;:&quot;both&quot;,&quot;autoplay&quot;:&quot;yes&quot;,&quot;pause_on_hover&quot;:&quot;yes&quot;,&quot;pause_on_interaction&quot;:&quot;yes&quot;,&quot;infinite&quot;:&quot;yes&quot;}\" data-widget_type=\"image-carousel.default\">\n\t\t\t\t<div class=\"elementor-widget-container\">\n\t\t\t\t\t<div class=\"elementor-image-carousel-wrapper swiper-container\" dir=\"ltr\">\n\t\t\t<div class=\"elementor-image-carousel swiper-wrapper\">\n\t\t\t\t\t\t\t\t<div class=\"swiper-slide\"><figure class=\"swiper-slide-inner\"><img decoding=\"async\" class=\"swiper-slide-image\" src=\"https:\/\/villaggioformicoli.it\/wp-content\/uploads\/2022\/05\/GIUGNO-22.jpg\" alt=\"GIUGNO-22\" \/><\/figure><\/div><div class=\"swiper-slide\"><figure class=\"swiper-slide-inner\"><img decoding=\"async\" class=\"swiper-slide-image\" src=\"https:\/\/villaggioformicoli.it\/wp-content\/uploads\/2022\/05\/LUGLIO-1-22.jpg\" alt=\"LUGLIO-1-22\" \/><\/figure><\/div><div class=\"swiper-slide\"><figure class=\"swiper-slide-inner\"><img decoding=\"async\" class=\"swiper-slide-image\" src=\"https:\/\/villaggioformicoli.it\/wp-content\/uploads\/2022\/05\/LUGLIO-2-22.jpg\" alt=\"LUGLIO-2-22\" \/><\/figure><\/div>\t\t\t<\/div>\n\t\t\t\t\t\t\t\t\t\t\t\t<div class=\"swiper-pagination\"><\/div>\n\t\t\t\t\t\t\t\t\t\t\t\t\t<div class=\"elementor-swiper-button elementor-swiper-button-prev\">\n\t\t\t\t\t\t<i aria-hidden=\"true\" class=\"eicon-chevron-left\"><\/i>\t\t\t\t\t\t<span class=\"elementor-screen-only\">Zur\u00fcck<\/span>\n\t\t\t\t\t<\/div>\n\t\t\t\t\t<div class=\"elementor-swiper-button elementor-swiper-button-next\">\n\t\t\t\t\t\t<i aria-hidden=\"true\" class=\"eicon-chevron-right\"><\/i>\t\t\t\t\t\t<span class=\"elementor-screen-only\">Weiter<\/span>\n\t\t\t\t\t<\/div>\n\t\t\t\t\t\t\t\t\t<\/div>\n\t\t\t\t<\/div>\n\t\t\t\t<\/div>\n\t\t\t\t\t\t<\/div>\n\t\t\t\t\t<\/div>\n\t\t<\/div>\n\t\t\t\t\t\t\t\t<\/div>\n\t\t\t\t\t<\/div>\n\t\t<\/section>\n\t\t\t\t\t\t\t\t\t<\/div>\n\t\t\t<\/div>\n\t\t\t\t\t<\/div>\n\t\t","protected":false},"excerpt":{"rendered":"<p>Angebote f\u00fcr Juni und Juli Wischen Sie nach rechts, um alle verf\u00fcgbaren Optionen anzuzeigen Precedente Successivo<\/p>\n","protected":false},"author":1,"featured_media":0,"parent":0,"menu_order":0,"comment_status":"closed","ping_status":"closed","template":"","meta":{"inline_featured_image":false},"yoast_head":"<!-- This site is optimized with the Yoast SEO plugin v20.0 - https:\/\/yoast.com\/wordpress\/plugins\/seo\/ -->\n<title>ANGEBOTE F\u00dcR JUNI &amp; JULI - Villaggio Formicoli<\/title>\n<meta name=\"robots\" content=\"index, follow, max-snippet:-1, max-image-preview:large, max-video-preview:-1\" \/>\n<link rel=\"canonical\" href=\"https:\/\/villaggioformicoli.it\/de\/angebote-fuer-juni-juli\/\" \/>\n<meta property=\"og:locale\" content=\"de_DE\" \/>\n<meta property=\"og:type\" content=\"article\" \/>\n<meta property=\"og:title\" content=\"ANGEBOTE F\u00dcR JUNI &amp; JULI - Villaggio Formicoli\" \/>\n<meta property=\"og:description\" content=\"Angebote f\u00fcr Juni und Juli Wischen Sie nach rechts, um alle verf\u00fcgbaren Optionen anzuzeigen Precedente Successivo\" \/>\n<meta property=\"og:url\" content=\"https:\/\/villaggioformicoli.it\/de\/angebote-fuer-juni-juli\/\" \/>\n<meta property=\"og:site_name\" content=\"Villaggio Formicoli\" \/>\n<meta property=\"article:modified_time\" content=\"2025-03-18T18:21:43+00:00\" \/>\n<meta property=\"og:image\" content=\"https:\/\/villaggioformicoli.it\/wp-content\/uploads\/2022\/05\/GIUGNO-22.jpg\" \/>\n<meta name=\"twitter:card\" content=\"summary_large_image\" \/>\n<script type=\"application\/ld+json\" class=\"yoast-schema-graph\">{\"@context\":\"https:\/\/schema.org\",\"@graph\":[{\"@type\":\"WebPage\",\"@id\":\"https:\/\/villaggioformicoli.it\/de\/angebote-fuer-juni-juli\/\",\"url\":\"https:\/\/villaggioformicoli.it\/de\/angebote-fuer-juni-juli\/\",\"name\":\"ANGEBOTE F\u00dcR JUNI &amp; JULI - Villaggio Formicoli\",\"isPartOf\":{\"@id\":\"https:\/\/villaggioformicoli.it\/de\/#website\"},\"datePublished\":\"2022-05-10T13:04:00+00:00\",\"dateModified\":\"2025-03-18T18:21:43+00:00\",\"breadcrumb\":{\"@id\":\"https:\/\/villaggioformicoli.it\/de\/angebote-fuer-juni-juli\/#breadcrumb\"},\"inLanguage\":\"de-DE\",\"potentialAction\":[{\"@type\":\"ReadAction\",\"target\":[\"https:\/\/villaggioformicoli.it\/de\/angebote-fuer-juni-juli\/\"]}]},{\"@type\":\"BreadcrumbList\",\"@id\":\"https:\/\/villaggioformicoli.it\/de\/angebote-fuer-juni-juli\/#breadcrumb\",\"itemListElement\":[{\"@type\":\"ListItem\",\"position\":1,\"name\":\"Home\",\"item\":\"https:\/\/villaggioformicoli.it\/de\/\"},{\"@type\":\"ListItem\",\"position\":2,\"name\":\"ANGEBOTE F\u00dcR JUNI &amp; JULI\"}]},{\"@type\":\"WebSite\",\"@id\":\"https:\/\/villaggioformicoli.it\/de\/#website\",\"url\":\"https:\/\/villaggioformicoli.it\/de\/\",\"name\":\"Villaggio Formicoli\",\"description\":\"Incanto e natura\",\"publisher\":{\"@id\":\"https:\/\/villaggioformicoli.it\/de\/#organization\"},\"potentialAction\":[{\"@type\":\"SearchAction\",\"target\":{\"@type\":\"EntryPoint\",\"urlTemplate\":\"https:\/\/villaggioformicoli.it\/de\/?s={search_term_string}\"},\"query-input\":\"required name=search_term_string\"}],\"inLanguage\":\"de-DE\"},{\"@type\":\"Organization\",\"@id\":\"https:\/\/villaggioformicoli.it\/de\/#organization\",\"name\":\"Villaggio Formicoli\",\"url\":\"https:\/\/villaggioformicoli.it\/de\/\",\"logo\":{\"@type\":\"ImageObject\",\"inLanguage\":\"de-DE\",\"@id\":\"https:\/\/villaggioformicoli.it\/de\/#\/schema\/logo\/image\/\",\"url\":\"https:\/\/villaggioformicoli.it\/wp-content\/uploads\/2022\/03\/logo.png\",\"contentUrl\":\"https:\/\/villaggioformicoli.it\/wp-content\/uploads\/2022\/03\/logo.png\",\"width\":300,\"height\":149,\"caption\":\"Villaggio Formicoli\"},\"image\":{\"@id\":\"https:\/\/villaggioformicoli.it\/de\/#\/schema\/logo\/image\/\"}}]}<\/script>\n<!-- \/ Yoast SEO plugin. -->","yoast_head_json":{"title":"ANGEBOTE F\u00dcR JUNI &amp; JULI - Villaggio Formicoli","robots":{"index":"index","follow":"follow","max-snippet":"max-snippet:-1","max-image-preview":"max-image-preview:large","max-video-preview":"max-video-preview:-1"},"canonical":"https:\/\/villaggioformicoli.it\/de\/angebote-fuer-juni-juli\/","og_locale":"de_DE","og_type":"article","og_title":"ANGEBOTE F\u00dcR JUNI &amp; JULI - Villaggio Formicoli","og_description":"Angebote f\u00fcr Juni und Juli Wischen Sie nach rechts, um alle verf\u00fcgbaren Optionen anzuzeigen Precedente Successivo","og_url":"https:\/\/villaggioformicoli.it\/de\/angebote-fuer-juni-juli\/","og_site_name":"Villaggio Formicoli","article_modified_time":"2025-03-18T18:21:43+00:00","og_image":[{"url":"https:\/\/villaggioformicoli.it\/wp-content\/uploads\/2022\/05\/GIUGNO-22.jpg"}],"twitter_card":"summary_large_image","schema":{"@context":"https:\/\/schema.org","@graph":[{"@type":"WebPage","@id":"https:\/\/villaggioformicoli.it\/de\/angebote-fuer-juni-juli\/","url":"https:\/\/villaggioformicoli.it\/de\/angebote-fuer-juni-juli\/","name":"ANGEBOTE F\u00dcR JUNI &amp; JULI - Villaggio Formicoli","isPartOf":{"@id":"https:\/\/villaggioformicoli.it\/de\/#website"},"datePublished":"2022-05-10T13:04:00+00:00","dateModified":"2025-03-18T18:21:43+00:00","breadcrumb":{"@id":"https:\/\/villaggioformicoli.it\/de\/angebote-fuer-juni-juli\/#breadcrumb"},"inLanguage":"de-DE","potentialAction":[{"@type":"ReadAction","target":["https:\/\/villaggioformicoli.it\/de\/angebote-fuer-juni-juli\/"]}]},{"@type":"BreadcrumbList","@id":"https:\/\/villaggioformicoli.it\/de\/angebote-fuer-juni-juli\/#breadcrumb","itemListElement":[{"@type":"ListItem","position":1,"name":"Home","item":"https:\/\/villaggioformicoli.it\/de\/"},{"@type":"ListItem","position":2,"name":"ANGEBOTE F\u00dcR JUNI &amp; JULI"}]},{"@type":"WebSite","@id":"https:\/\/villaggioformicoli.it\/de\/#website","url":"https:\/\/villaggioformicoli.it\/de\/","name":"Villaggio Formicoli","description":"Incanto e natura","publisher":{"@id":"https:\/\/villaggioformicoli.it\/de\/#organization"},"potentialAction":[{"@type":"SearchAction","target":{"@type":"EntryPoint","urlTemplate":"https:\/\/villaggioformicoli.it\/de\/?s={search_term_string}"},"query-input":"required name=search_term_string"}],"inLanguage":"de-DE"},{"@type":"Organization","@id":"https:\/\/villaggioformicoli.it\/de\/#organization","name":"Villaggio Formicoli","url":"https:\/\/villaggioformicoli.it\/de\/","logo":{"@type":"ImageObject","inLanguage":"de-DE","@id":"https:\/\/villaggioformicoli.it\/de\/#\/schema\/logo\/image\/","url":"https:\/\/villaggioformicoli.it\/wp-content\/uploads\/2022\/03\/logo.png","contentUrl":"https:\/\/villaggioformicoli.it\/wp-content\/uploads\/2022\/03\/logo.png","width":300,"height":149,"caption":"Villaggio Formicoli"},"image":{"@id":"https:\/\/villaggioformicoli.it\/de\/#\/schema\/logo\/image\/"}}]}},"_links":{"self":[{"href":"https:\/\/villaggioformicoli.it\/de\/wp-json\/wp\/v2\/pages\/7299"}],"collection":[{"href":"https:\/\/villaggioformicoli.it\/de\/wp-json\/wp\/v2\/pages"}],"about":[{"href":"https:\/\/villaggioformicoli.it\/de\/wp-json\/wp\/v2\/types\/page"}],"author":[{"embeddable":true,"href":"https:\/\/villaggioformicoli.it\/de\/wp-json\/wp\/v2\/users\/1"}],"replies":[{"embeddable":true,"href":"https:\/\/villaggioformicoli.it\/de\/wp-json\/wp\/v2\/comments?post=7299"}],"version-history":[{"count":1,"href":"https:\/\/villaggioformicoli.it\/de\/wp-json\/wp\/v2\/pages\/7299\/revisions"}],"predecessor-version":[{"id":7300,"href":"https:\/\/villaggioformicoli.it\/de\/wp-json\/wp\/v2\/pages\/7299\/revisions\/7300"}],"wp:attachment":[{"href":"https:\/\/villaggioformicoli.it\/de\/wp-json\/wp\/v2\/media?parent=7299"}],"curies":[{"name":"wp","href":"https:\/\/api.w.org\/{rel}","templated":true}]}}